{"id":328,"date":"2026-04-13T12:13:40","date_gmt":"2026-04-13T12:13:40","guid":{"rendered":"https:\/\/ucms.scantrust.biz\/es\/?page_id=328"},"modified":"2026-04-17T17:14:00","modified_gmt":"2026-04-17T17:14:00","slug":"articulos","status":"publish","type":"page","link":"https:\/\/ucms.scantrust.biz\/es\/articulos\/","title":{"rendered":"Art\u00edculos"},"content":{"rendered":"<ul class=\"wp-block-latest-posts__list has-dates has-author wp-block-latest-posts\"><li><div class=\"wp-block-latest-posts__featured-image\"><img loading=\"lazy\" decoding=\"async\" width=\"150\" height=\"150\" src=\"https:\/\/ucms.scantrust.biz\/es\/wp-content\/uploads\/sites\/4\/2026\/04\/EU-wine-package-Scantrust-sml-150x150.png\" class=\"attachment-thumbnail size-thumbnail wp-post-image\" alt=\"\" style=\"\" srcset=\"https:\/\/ucms.scantrust.biz\/es\/wp-content\/uploads\/sites\/4\/2026\/04\/EU-wine-package-Scantrust-sml-150x150.png 150w, https:\/\/ucms.scantrust.biz\/es\/wp-content\/uploads\/sites\/4\/2026\/04\/EU-wine-package-Scantrust-sml-300x300.png 300w, https:\/\/ucms.scantrust.biz\/es\/wp-content\/uploads\/sites\/4\/2026\/04\/EU-wine-package-Scantrust-sml.png 700w\" sizes=\"auto, (max-width: 150px) 100vw, 150px\" \/><\/div><a class=\"wp-block-latest-posts__post-title\" href=\"https:\/\/ucms.scantrust.biz\/es\/2026\/04\/13\/normativa-vinicola-de-la-ue-mas-financiacion-para-las-bodegas-de-la-uenormativa-vinicola\/\">Normativa vin\u00edcola de la UE: m\u00e1s financiaci\u00f3n para las bodegas de la UEnormativa vin\u00edcola<\/a><div class=\"wp-block-latest-posts__post-author\">by terri<\/div><time datetime=\"2026-04-13T13:19:24+00:00\" class=\"wp-block-latest-posts__post-date\">April 13, 2026<\/time><div class=\"wp-block-latest-posts__post-excerpt\">El sector vin\u00edcola europeo \u2014responsable del 60 % de la producci\u00f3n mundial de vino\u2014 entr\u00f3 en una nueva era normativa el 4 de diciembre de 2025, cuando el Consejo Europeo y el Parlamento alcanzaron un acuerdo provisional conocido como el \u00abPaquete Vin\u00edcola de la UE\u00bb. Este acuerdo tiene por objeto ayudar al sector vin\u00edcola a\u2026 <a class=\"wp-block-latest-posts__read-more\" href=\"https:\/\/ucms.scantrust.biz\/es\/2026\/04\/13\/normativa-vinicola-de-la-ue-mas-financiacion-para-las-bodegas-de-la-uenormativa-vinicola\/\" rel=\"noopener noreferrer\">Read more<span class=\"screen-reader-text\">: Normativa vin\u00edcola de la UE: m\u00e1s financiaci\u00f3n para las bodegas de la UEnormativa vin\u00edcola<\/span><\/a><\/div><\/li>\n<\/ul>","protected":false},"excerpt":{"rendered":"","protected":false},"author":7,"featured_media":0,"parent":0,"menu_order":0,"comment_status":"closed","ping_status":"closed","template":"","meta":{"footnotes":""},"class_list":["post-328","page","type-page","status-publish","hentry"],"_links":{"self":[{"href":"https:\/\/ucms.scantrust.biz\/es\/wp-json\/wp\/v2\/pages\/328","targetHints":{"allow":["GET"]}}],"collection":[{"href":"https:\/\/ucms.scantrust.biz\/es\/wp-json\/wp\/v2\/pages"}],"about":[{"href":"https:\/\/ucms.scantrust.biz\/es\/wp-json\/wp\/v2\/types\/page"}],"author":[{"embeddable":true,"href":"https:\/\/ucms.scantrust.biz\/es\/wp-json\/wp\/v2\/users\/7"}],"replies":[{"embeddable":true,"href":"https:\/\/ucms.scantrust.biz\/es\/wp-json\/wp\/v2\/comments?post=328"}],"version-history":[{"count":2,"href":"https:\/\/ucms.scantrust.biz\/es\/wp-json\/wp\/v2\/pages\/328\/revisions"}],"predecessor-version":[{"id":337,"href":"https:\/\/ucms.scantrust.biz\/es\/wp-json\/wp\/v2\/pages\/328\/revisions\/337"}],"wp:attachment":[{"href":"https:\/\/ucms.scantrust.biz\/es\/wp-json\/wp\/v2\/media?parent=328"}],"curies":[{"name":"wp","href":"https:\/\/api.w.org\/{rel}","templated":true}]}}