{"id":36,"date":"2024-03-11T10:29:20","date_gmt":"2024-03-11T10:29:20","guid":{"rendered":"https:\/\/ucms.scantrust.biz\/de\/?page_id=36"},"modified":"2024-03-15T12:43:15","modified_gmt":"2024-03-15T12:43:15","slug":"uber-u-label","status":"publish","type":"page","link":"https:\/\/ucms.scantrust.biz\/de\/uber-u-label\/","title":{"rendered":"\u00dcber U-label"},"content":{"rendered":"\n<div class=\"wp-block-columns is-layout-flex wp-container-core-columns-is-layout-28f84493 wp-block-columns-is-layout-flex\">\n<div class=\"wp-block-column is-layout-flow wp-block-column-is-layout-flow\">\n<h2 class=\"wp-block-heading\">Unsere Vision<\/h2>\n\n\n\n<p>U-label wurde aus der Idee heraus gegr\u00fcndet, dass digitale Informationen der Schl\u00fcssel zur Schaffung einer authentischen Beziehung zwischen Unternehmen und Verbrauchern sind, die auf dem Austausch relevanter und transparenter Informationen beruht.<\/p>\n<\/div>\n\n\n\n<div class=\"wp-block-column is-layout-flow wp-block-column-is-layout-flow\">\n<h2 class=\"wp-block-heading\">Unser Auftrag<\/h2>\n\n\n\n<p>U-label ist bestrebt, Wein- und Spirituosenunternehmen die M\u00f6glichkeit zu bieten, elektronische Etiketten f\u00fcr Wein auf einfache und effektive Weise zu erstellen. Unser Ziel ist es, ein faires und transparentes digitales Umfeld zu schaffen, in dem die Verbraucher Zugang zu relevanten Informationen \u00fcber die Produkte haben, die sie kaufen m\u00f6chten.<\/p>\n<\/div>\n<\/div>\n\n\n\n<div class=\"wp-block-group alignfull has-global-padding is-layout-constrained wp-container-core-group-is-layout-d89aad35 wp-block-group-is-layout-constrained\" style=\"margin-top:0;margin-bottom:0;padding-top:var(--wp--preset--spacing--50);padding-right:var(--wp--preset--spacing--50);padding-bottom:var(--wp--preset--spacing--50);padding-left:var(--wp--preset--spacing--50)\">\n<div class=\"wp-block-group alignwide has-global-padding is-layout-constrained wp-container-core-group-is-layout-19e250f3 wp-block-group-is-layout-constrained\">\n<div class=\"wp-block-group is-vertical is-content-justification-center is-layout-flex wp-container-core-group-is-layout-6329a8f3 wp-block-group-is-layout-flex\">\n<h1 class=\"wp-block-heading has-text-align-center is-style-default\"><strong>Unsere Partner<\/strong><\/h1>\n<\/div>\n<\/div>\n<\/div>\n\n\n\n<div class=\"wp-block-columns is-layout-flex wp-container-core-columns-is-layout-e6f27d69 wp-block-columns-is-layout-flex\" style=\"padding-bottom:var(--wp--preset--spacing--30)\">\n<div class=\"wp-block-column is-layout-flow wp-block-column-is-layout-flow\" style=\"flex-basis:33.33%\">\n<figure class=\"wp-block-image size-full is-resized\"><img decoding=\"async\" src=\"https:\/\/ucms.scantrust.biz\/wp-content\/uploads\/2024\/03\/99TUgBTI_400x400-1.jpeg\" alt=\"\" class=\"wp-image-56\" style=\"width:127px;height:auto\"\/><\/figure>\n<\/div>\n\n\n\n<div class=\"wp-block-column is-layout-flow wp-block-column-is-layout-flow\" style=\"flex-basis:66.66%\">\n<h2 class=\"wp-block-heading\">Das Europ\u00e4ische Komitee der Weinunternehmen (CEEV)<\/h2>\n\n\n\n<p>Der <a href=\"http:\/\/CEEV.eu\" data-type=\"link\" data-id=\"CEEV.eu\">Europ\u00e4ische Ausschuss der Weinunternehmen<\/a> (CEEV &#8211; Comit\u00e9 Europ\u00e9en des Entreprises Vins) wurde 1960 gegr\u00fcndet und vertritt die Weinunternehmen der Europ\u00e4ischen Union in Industrie und Handel. Ihm geh\u00f6ren 23 nationale Organisationen aus 12 EU-Mitgliedstaaten, der Schweiz, dem Vereinigten K\u00f6nigreich und der Ukraine sowie ein Konsortium aus vier f\u00fchrenden europ\u00e4ischen Weinunternehmen an. Auf die von der CEEV vertretenen Unternehmen entfallen \u00fcber 90 % der europ\u00e4ischen Weinexporte.<\/p>\n\n\n\n<p><\/p>\n<\/div>\n<\/div>\n\n\n\n<div class=\"wp-block-columns is-layout-flex wp-container-core-columns-is-layout-e6f27d69 wp-block-columns-is-layout-flex\" style=\"padding-bottom:var(--wp--preset--spacing--30)\">\n<div class=\"wp-block-column is-layout-flow wp-block-column-is-layout-flow\" style=\"flex-basis:33.33%\">\n<figure class=\"wp-block-image size-full is-resized\"><img decoding=\"async\" src=\"https:\/\/ucms.scantrust.biz\/wp-content\/uploads\/2024\/03\/logo_spirits-1.png\" alt=\"\" class=\"wp-image-58\" style=\"width:129px;height:auto\"\/><\/figure>\n<\/div>\n\n\n\n<div class=\"wp-block-column is-layout-flow wp-block-column-is-layout-flow\" style=\"flex-basis:66.66%\">\n<h2 class=\"wp-block-heading\">SpiritsEUROPE<\/h2>\n\n\n\n<p><a href=\"http:\/\/Spirits.eu\" data-type=\"link\" data-id=\"Spirits.eu\">spiritsEUROPE<\/a> vertritt die Interessen des Spirituosensektors in 30 nationalen Verb\u00e4nden sowie die Interessen der 10 f\u00fchrenden multinationalen Unternehmen. Destillierte Spirituosen sind so vielf\u00e4ltig wie die EU-Mitgliedstaaten und umfassen 44 Produktkategorien sowie eine Vielzahl geografisch spezifischer Produkte, die zur Kultur der jeweiligen Region und der Europ\u00e4ischen Union beitragen. Als f\u00fchrende Stimme des europ\u00e4ischen Spirituosensektors setzen wir uns f\u00fcr die Erhaltung und F\u00f6rderung der Freiheit ein, Spirituosen auf verantwortungsvolle Weise herzustellen und zu vermarkten.<\/p>\n<\/div>\n<\/div>\n\n\n\n<div class=\"wp-block-columns is-layout-flex wp-container-core-columns-is-layout-e6f27d69 wp-block-columns-is-layout-flex\" style=\"padding-bottom:var(--wp--preset--spacing--30)\">\n<div class=\"wp-block-column is-layout-flow wp-block-column-is-layout-flow\" style=\"flex-basis:33.33%\">\n<figure class=\"wp-block-image size-full is-resized\"><img decoding=\"async\" src=\"https:\/\/ucms.scantrust.biz\/wp-content\/uploads\/2024\/03\/scantrust-s-color1x-white-1.png\" alt=\"\" class=\"wp-image-60\" style=\"width:103px;height:auto\"\/><\/figure>\n<\/div>\n\n\n\n<div class=\"wp-block-column is-layout-flow wp-block-column-is-layout-flow\" style=\"flex-basis:66.66%\">\n<h2 class=\"wp-block-heading\">Scantrust<\/h2>\n\n\n\n<p><a href=\"http:\/\/Scantrust.de\" data-type=\"link\" data-id=\"Scantrust.de\">Scantrust<\/a>, der Technologieanbieter von U-label, ist ein globales Softwareunternehmen mit Hauptsitz in Lausanne, Schweiz, das \u00fcber 10 Jahre Erfahrung in der Verwaltung digitaler Etiketten und Milliarden von QR-Codes verf\u00fcgt. Einige der bekanntesten Marken der Welt nutzen die QR-Codes von Scantrust zur Einhaltung gesetzlicher Vorschriften, zur Einbindung der Verbraucher, zum Schutz vor F\u00e4lschungen und zur R\u00fcckverfolgbarkeit in der Lieferkette.<\/p>\n<\/div>\n<\/div>\n","protected":false},"excerpt":{"rendered":"<p>Unsere Vision U-label wurde aus der Idee heraus gegr\u00fcndet, dass digitale Informationen der Schl\u00fcssel zur Schaffung einer authentischen Beziehung zwischen Unternehmen und Verbrauchern sind, die auf dem Austausch relevanter und transparenter Informationen beruht. Unser Auftrag U-label ist bestrebt, Wein- und Spirituosenunternehmen die M\u00f6glichkeit zu bieten, elektronische Etiketten f\u00fcr Wein auf einfache und effektive Weise zu [&hellip;]<\/p>\n","protected":false},"author":3,"featured_media":0,"parent":0,"menu_order":0,"comment_status":"closed","ping_status":"closed","template":"","meta":{"footnotes":""},"class_list":["post-36","page","type-page","status-publish","hentry"],"_links":{"self":[{"href":"https:\/\/ucms.scantrust.biz\/de\/wp-json\/wp\/v2\/pages\/36","targetHints":{"allow":["GET"]}}],"collection":[{"href":"https:\/\/ucms.scantrust.biz\/de\/wp-json\/wp\/v2\/pages"}],"about":[{"href":"https:\/\/ucms.scantrust.biz\/de\/wp-json\/wp\/v2\/types\/page"}],"author":[{"embeddable":true,"href":"https:\/\/ucms.scantrust.biz\/de\/wp-json\/wp\/v2\/users\/3"}],"replies":[{"embeddable":true,"href":"https:\/\/ucms.scantrust.biz\/de\/wp-json\/wp\/v2\/comments?post=36"}],"version-history":[{"count":1,"href":"https:\/\/ucms.scantrust.biz\/de\/wp-json\/wp\/v2\/pages\/36\/revisions"}],"predecessor-version":[{"id":37,"href":"https:\/\/ucms.scantrust.biz\/de\/wp-json\/wp\/v2\/pages\/36\/revisions\/37"}],"wp:attachment":[{"href":"https:\/\/ucms.scantrust.biz\/de\/wp-json\/wp\/v2\/media?parent=36"}],"curies":[{"name":"wp","href":"https:\/\/api.w.org\/{rel}","templated":true}]}}