{"id":251,"date":"2024-03-15T12:43:44","date_gmt":"2024-03-15T12:43:44","guid":{"rendered":"https:\/\/ucms.scantrust.biz\/?page_id=251"},"modified":"2024-03-15T12:49:37","modified_gmt":"2024-03-15T12:49:37","slug":"kontakt","status":"publish","type":"page","link":"https:\/\/ucms.scantrust.biz\/de\/kontakt\/","title":{"rendered":"Kontakt"},"content":{"rendered":"\n<div class=\"wp-block-group alignfull has-global-padding is-layout-constrained wp-container-core-group-is-layout-d89aad35 wp-block-group-is-layout-constrained\" style=\"margin-top:0;margin-bottom:0;padding-top:var(--wp--preset--spacing--50);padding-right:var(--wp--preset--spacing--50);padding-bottom:var(--wp--preset--spacing--50);padding-left:var(--wp--preset--spacing--50)\">\n<div class=\"wp-block-columns alignwide are-vertically-aligned-center is-layout-flex wp-container-core-columns-is-layout-47c06fe3 wp-block-columns-is-layout-flex\">\n<div class=\"wp-block-column is-vertically-aligned-center is-layout-flow wp-block-column-is-layout-flow\" style=\"flex-basis:50%\">\n<h2 class=\"wp-block-heading\">F\u00fcr Verkaufsanfragen kontaktieren Sie uns bitte hier:<\/h2>\n\n\n\n<script charset=\"utf-8\" type=\"text\/javascript\" src=\"\/\/js.hsforms.net\/forms\/embed\/v2.js\"><\/script>\n<script>\n  hbspt.forms.create({\n    region: \"na1\",\n    portalId: \"4646774\",\n    formId: \"18b1efda-7fe5-40b4-892a-c02e4e5c71f2\"\n  });\n<\/script>\n\n\n\n<ul style=\"line-height:1.75\" class=\"is-style-checkmark-list wp-block-list\">\n<li>Schnell und einfach konform werden<\/li>\n\n\n\n<li>Erfahren Sie mehr \u00fcber unsere Enterprisefunktionen<\/li>\n\n\n\n<li>Informationen f\u00fcr Partner<\/li>\n<\/ul>\n<\/div>\n\n\n\n<div class=\"wp-block-column is-vertically-aligned-center is-layout-flow wp-block-column-is-layout-flow\" style=\"flex-basis:50%\">\n<figure class=\"wp-block-image size-full is-style-rounded is-style-rounded--1\"><img decoding=\"async\" src=\"https:\/\/ucms.scantrust.biz\/wp-content\/uploads\/2024\/03\/u-label-wine-box.jpg\" alt=\"\" class=\"wp-image-274\" style=\"aspect-ratio:4\/3;object-fit:cover\"\/><\/figure>\n<\/div>\n<\/div>\n\n\n\n<div style=\"height:52px\" aria-hidden=\"true\" class=\"wp-block-spacer\"><\/div>\n\n\n\n<div class=\"wp-block-group alignwide has-global-padding is-layout-constrained wp-container-core-group-is-layout-fc54cf0f wp-block-group-is-layout-constrained\">\n<h2 class=\"wp-block-heading has-text-align-center\">Kundenbetreuung<\/h2>\n\n\n\n<p class=\"has-text-align-center\">F\u00fcr U-Label-Unterst\u00fctzung: <strong>contact@u-label.com<\/strong><br>F\u00fcr U-Label by Scantrust Migrationsfragen:  <strong>account-migration@scantrust.com<\/strong><\/p>\n<\/div>\n<\/div>\n","protected":false},"excerpt":{"rendered":"<p>F\u00fcr Verkaufsanfragen kontaktieren Sie uns bitte hier: Kundenbetreuung F\u00fcr U-Label-Unterst\u00fctzung: contact@u-label.comF\u00fcr U-Label by Scantrust Migrationsfragen: account-migration@scantrust.com<\/p>\n","protected":false},"author":3,"featured_media":0,"parent":0,"menu_order":0,"comment_status":"closed","ping_status":"closed","template":"","meta":{"footnotes":""},"class_list":["post-251","page","type-page","status-publish","hentry"],"_links":{"self":[{"href":"https:\/\/ucms.scantrust.biz\/de\/wp-json\/wp\/v2\/pages\/251","targetHints":{"allow":["GET"]}}],"collection":[{"href":"https:\/\/ucms.scantrust.biz\/de\/wp-json\/wp\/v2\/pages"}],"about":[{"href":"https:\/\/ucms.scantrust.biz\/de\/wp-json\/wp\/v2\/types\/page"}],"author":[{"embeddable":true,"href":"https:\/\/ucms.scantrust.biz\/de\/wp-json\/wp\/v2\/users\/3"}],"replies":[{"embeddable":true,"href":"https:\/\/ucms.scantrust.biz\/de\/wp-json\/wp\/v2\/comments?post=251"}],"version-history":[{"count":3,"href":"https:\/\/ucms.scantrust.biz\/de\/wp-json\/wp\/v2\/pages\/251\/revisions"}],"predecessor-version":[{"id":267,"href":"https:\/\/ucms.scantrust.biz\/de\/wp-json\/wp\/v2\/pages\/251\/revisions\/267"}],"wp:attachment":[{"href":"https:\/\/ucms.scantrust.biz\/de\/wp-json\/wp\/v2\/media?parent=251"}],"curies":[{"name":"wp","href":"https:\/\/api.w.org\/{rel}","templated":true}]}}