{"id":109,"date":"2024-03-15T12:43:44","date_gmt":"2024-03-15T12:43:44","guid":{"rendered":"https:\/\/ucms.scantrust.biz\/?page_id=22"},"modified":"2024-03-15T12:49:13","modified_gmt":"2024-03-15T12:49:13","slug":"pricing","status":"publish","type":"page","link":"https:\/\/ucms.scantrust.biz\/de\/pricing\/","title":{"rendered":"Preisgestaltung"},"content":{"rendered":"\n<div class=\"wp-block-group alignfull has-global-padding is-layout-constrained wp-container-core-group-is-layout-cd6163fc wp-block-group-is-layout-constrained\" style=\"margin-top:0;margin-bottom:0;padding-top:var(--wp--preset--spacing--10);padding-right:var(--wp--preset--spacing--50);padding-bottom:var(--wp--preset--spacing--10);padding-left:var(--wp--preset--spacing--50)\">\n<div class=\"wp-block-group alignwide has-base-2-background-color has-background has-global-padding is-layout-constrained wp-container-core-group-is-layout-d2702112 wp-block-group-is-layout-constrained\" style=\"border-radius:16px;padding-top:var(--wp--preset--spacing--30);padding-right:var(--wp--preset--spacing--40);padding-bottom:var(--wp--preset--spacing--30);padding-left:var(--wp--preset--spacing--40)\">\n<div class=\"wp-block-group alignwide is-vertical is-content-justification-stretch is-layout-flex wp-container-core-group-is-layout-353c4f5a wp-block-group-is-layout-flex\">\n<h3 class=\"wp-block-heading has-text-align-center\">Jahresabonnements f\u00fcr kleine bis gro\u00dfe Unternehmen<\/h3>\n<\/div>\n\n\n\n<div style=\"height:var(--wp--preset--spacing--30)\" aria-hidden=\"true\" class=\"wp-block-spacer\"><\/div>\n\n\n\n<div class=\"wp-block-columns alignwide is-layout-flex wp-container-core-columns-is-layout-73d3e79b wp-block-columns-is-layout-flex\">\n<div class=\"wp-block-column is-layout-flow wp-block-column-is-layout-flow\" style=\"border-top-color:var(--wp--preset--color--contrast);border-top-width:1px;border-bottom-color:var(--wp--preset--color--contrast);border-bottom-width:1px;padding-top:var(--wp--preset--spacing--20);padding-right:var(--wp--preset--spacing--10);padding-bottom:var(--wp--preset--spacing--20);padding-left:var(--wp--preset--spacing--10)\">\n<h5 class=\"wp-block-heading has-text-align-center\"><strong> Free<\/strong><\/h5>\n\n\n\n<h5 class=\"wp-block-heading has-text-align-center has-x-large-font-size\">\u20ac0<\/h5>\n\n\n\n<div class=\"wp-block-group is-vertical is-content-justification-stretch is-layout-flex wp-container-core-group-is-layout-353c4f5a wp-block-group-is-layout-flex\">\n<p class=\"has-text-align-center has-small-font-size\">3 aktive E-Labels<\/p>\n<\/div>\n<\/div>\n\n\n\n<div class=\"wp-block-column is-layout-flow wp-block-column-is-layout-flow\" style=\"border-top-color:var(--wp--preset--color--contrast);border-top-width:1px;border-bottom-color:var(--wp--preset--color--contrast);border-bottom-width:1px;padding-top:var(--wp--preset--spacing--20);padding-right:var(--wp--preset--spacing--10);padding-bottom:var(--wp--preset--spacing--20);padding-left:var(--wp--preset--spacing--10)\">\n<h5 class=\"wp-block-heading has-text-align-center\"><strong> Business 30 <\/strong><\/h5>\n\n\n\n<h5 class=\"wp-block-heading has-text-align-center has-x-large-font-size\">\u20ac230<\/h5>\n\n\n\n<div class=\"wp-block-group is-vertical is-content-justification-stretch is-layout-flex wp-container-core-group-is-layout-353c4f5a wp-block-group-is-layout-flex\">\n<p class=\"has-text-align-center has-small-font-size\">30 neue E-Labels pro Jahr<\/p>\n<\/div>\n<\/div>\n\n\n\n<div class=\"wp-block-column is-layout-flow wp-block-column-is-layout-flow\" style=\"border-top-color:var(--wp--preset--color--contrast);border-top-width:1px;border-bottom-color:var(--wp--preset--color--contrast);border-bottom-width:1px;padding-top:var(--wp--preset--spacing--20);padding-right:var(--wp--preset--spacing--10);padding-bottom:var(--wp--preset--spacing--20);padding-left:var(--wp--preset--spacing--10)\">\n<h5 class=\"wp-block-heading has-text-align-center\"><strong> Business 50 <\/strong><\/h5>\n\n\n\n<h5 class=\"wp-block-heading has-text-align-center has-x-large-font-size\">\u20ac360<\/h5>\n\n\n\n<div class=\"wp-block-group is-vertical is-content-justification-stretch is-layout-flex wp-container-core-group-is-layout-353c4f5a wp-block-group-is-layout-flex\">\n<p class=\"has-text-align-center has-small-font-size\">50 neue E-Labels pro Jahr<\/p>\n<\/div>\n<\/div>\n\n\n\n<div class=\"wp-block-column is-layout-flow wp-block-column-is-layout-flow\" style=\"border-top-color:var(--wp--preset--color--contrast);border-top-width:1px;border-bottom-color:var(--wp--preset--color--contrast);border-bottom-width:1px;padding-top:var(--wp--preset--spacing--20);padding-right:var(--wp--preset--spacing--10);padding-bottom:var(--wp--preset--spacing--20);padding-left:var(--wp--preset--spacing--10)\">\n<h5 class=\"wp-block-heading has-text-align-center\"><strong> Business 100 <\/strong><\/h5>\n\n\n\n<h5 class=\"wp-block-heading has-text-align-center has-x-large-font-size\">\u20ac500<\/h5>\n\n\n\n<div class=\"wp-block-group is-vertical is-content-justification-stretch is-layout-flex wp-container-core-group-is-layout-353c4f5a wp-block-group-is-layout-flex\">\n<p class=\"has-text-align-center has-small-font-size\">100 neue E-Labels pro Jahr<\/p>\n<\/div>\n<\/div>\n\n\n\n<div class=\"wp-block-column is-layout-flow wp-block-column-is-layout-flow\" style=\"border-top-color:var(--wp--preset--color--contrast);border-top-width:1px;border-bottom-color:var(--wp--preset--color--contrast);border-bottom-width:1px;padding-top:var(--wp--preset--spacing--20);padding-right:var(--wp--preset--spacing--10);padding-bottom:var(--wp--preset--spacing--20);padding-left:var(--wp--preset--spacing--10)\">\n<h5 class=\"wp-block-heading has-text-align-center\"><strong> Premium<\/strong><\/h5>\n\n\n\n<h5 class=\"wp-block-heading has-text-align-center has-x-large-font-size\">\u20ac1500<\/h5>\n\n\n\n<div class=\"wp-block-group is-vertical is-content-justification-stretch is-layout-flex wp-container-core-group-is-layout-353c4f5a wp-block-group-is-layout-flex\">\n<p class=\"has-text-align-center has-small-font-size\">Unbegrenzte E-Labels<\/p>\n<\/div>\n<\/div>\n<\/div>\n\n\n\n<div style=\"height:24px\" aria-hidden=\"true\" class=\"wp-block-spacer\"><\/div>\n\n\n\n<p class=\"has-text-align-center\"><strong>Wie viele E-Labels ben\u00f6tige ich?<\/strong><\/p>\n\n\n\n<p class=\"has-text-align-center\">Jedes E-Label ist an eine bestimmte SKU (Stock Keeping Unit\/Artikelnummer) gebunden. Einheiten der gleichen SKU k\u00f6nnen das gleiche E-Label verwenden, auch wenn sie in verschiedenen L\u00e4ndern verkauft werden. Daher entspricht die Anzahl der von Ihnen ben\u00f6tigten E-Labels der Anzahl der SKUs oder einzigartigen Produkte, die Sie haben.<\/p>\n\n\n\n<div style=\"height:9px\" aria-hidden=\"true\" class=\"wp-block-spacer\"><\/div>\n\n\n\n<div class=\"wp-block-buttons is-content-justification-center is-layout-flex wp-container-core-buttons-is-layout-a89b3969 wp-block-buttons-is-layout-flex\">\n<div class=\"wp-block-button\"><a class=\"wp-block-button__link has-text-align-center wp-element-button\" href=\"https:\/\/portal.scantrust.com\/#\/signup\">Get U-label<\/a><\/div>\n<\/div>\n<\/div>\n<\/div>\n\n\n\n<div class=\"wp-block-group alignfull has-global-padding is-layout-constrained wp-container-core-group-is-layout-d89aad35 wp-block-group-is-layout-constrained\" style=\"margin-top:0;margin-bottom:0;padding-top:var(--wp--preset--spacing--50);padding-right:var(--wp--preset--spacing--50);padding-bottom:var(--wp--preset--spacing--50);padding-left:var(--wp--preset--spacing--50)\">\n<div class=\"wp-block-columns alignwide are-vertically-aligned-center is-layout-flex wp-container-core-columns-is-layout-47c06fe3 wp-block-columns-is-layout-flex\">\n<div class=\"wp-block-column is-vertically-aligned-center is-layout-flow wp-block-column-is-layout-flow\" style=\"flex-basis:50%\">\n<h2 class=\"wp-block-heading\">Sie ben\u00f6tigen weitere?<\/h2>\n\n\n\n<h2 class=\"wp-block-heading\">Sehen Sie unsere Enterprisepl\u00e4ne<\/h2>\n\n\n\n<ul style=\"line-height:1.75\" class=\"is-style-checkmark-list wp-block-list\">\n<li>Massenerstellung von E-Labels mit Excel oder CSV<\/li>\n\n\n\n<li>QR Manager f\u00fcr die Erstellung und Verwaltung gro\u00dfer Mengen von QR-Codes<\/li>\n\n\n\n<li>Verwaltung von Benutzern und Teams f\u00fcr Verwaltungsbenutzer<\/li>\n\n\n\n<li>Benutzerdefinierte URL und Domain<\/li>\n\n\n\n<li>Intelligente URL-Weiterleitung zu Marketingseiten f\u00fcr QR-Code-Scans au\u00dferhalb der EU<\/li>\n\n\n\n<li>SLA mit Betriebszeitgarantien und Reaktionszeiten<\/li>\n\n\n\n<li>Onboarding-Dienstleistungspaket<\/li>\n\n\n\n<li>Alle in der E-Label-Stufe enthaltenen Funktionen.<\/li>\n<\/ul>\n\n\n\n<div style=\"height:9px\" aria-hidden=\"true\" class=\"wp-block-spacer\"><\/div>\n\n\n\n<div class=\"wp-block-buttons is-content-justification-center is-layout-flex wp-container-core-buttons-is-layout-a89b3969 wp-block-buttons-is-layout-flex\">\n<div class=\"wp-block-button\"><a class=\"wp-block-button__link wp-element-button\" href=\"https:\/\/ucms.scantrust.biz\/de\/kontakt\/\">Kontakt<\/a><\/div>\n<\/div>\n<\/div>\n\n\n\n<div class=\"wp-block-column is-vertically-aligned-center is-layout-flow wp-block-column-is-layout-flow\" style=\"flex-basis:50%\">\n<figure class=\"wp-block-image size-full is-style-rounded is-style-rounded--1\"><img decoding=\"async\" src=\"https:\/\/ucms.scantrust.biz\/wp-content\/uploads\/2024\/03\/Translation-E-Label-2.png\" alt=\"\" class=\"wp-image-215\" style=\"aspect-ratio:4\/3;object-fit:cover\"\/><\/figure>\n<\/div>\n<\/div>\n<\/div>\n","protected":false},"excerpt":{"rendered":"<p>Jahresabonnements f\u00fcr kleine bis gro\u00dfe Unternehmen Free \u20ac0 3 aktive E-Labels Business 30 \u20ac230 30 neue E-Labels pro Jahr Business 50 \u20ac360 50 neue E-Labels pro Jahr Business 100 \u20ac500 100 neue E-Labels pro Jahr Premium \u20ac1500 Unbegrenzte E-Labels Wie viele E-Labels ben\u00f6tige ich? Jedes E-Label ist an eine bestimmte SKU (Stock Keeping Unit\/Artikelnummer) gebunden. [&hellip;]<\/p>\n","protected":false},"author":3,"featured_media":0,"parent":0,"menu_order":0,"comment_status":"closed","ping_status":"closed","template":"","meta":{"footnotes":""},"class_list":["post-109","page","type-page","status-publish","hentry"],"_links":{"self":[{"href":"https:\/\/ucms.scantrust.biz\/de\/wp-json\/wp\/v2\/pages\/109","targetHints":{"allow":["GET"]}}],"collection":[{"href":"https:\/\/ucms.scantrust.biz\/de\/wp-json\/wp\/v2\/pages"}],"about":[{"href":"https:\/\/ucms.scantrust.biz\/de\/wp-json\/wp\/v2\/types\/page"}],"author":[{"embeddable":true,"href":"https:\/\/ucms.scantrust.biz\/de\/wp-json\/wp\/v2\/users\/3"}],"replies":[{"embeddable":true,"href":"https:\/\/ucms.scantrust.biz\/de\/wp-json\/wp\/v2\/comments?post=109"}],"version-history":[{"count":3,"href":"https:\/\/ucms.scantrust.biz\/de\/wp-json\/wp\/v2\/pages\/109\/revisions"}],"predecessor-version":[{"id":266,"href":"https:\/\/ucms.scantrust.biz\/de\/wp-json\/wp\/v2\/pages\/109\/revisions\/266"}],"wp:attachment":[{"href":"https:\/\/ucms.scantrust.biz\/de\/wp-json\/wp\/v2\/media?parent=109"}],"curies":[{"name":"wp","href":"https:\/\/api.w.org\/{rel}","templated":true}]}}